{"id":278,"date":"2023-01-12T10:56:41","date_gmt":"2023-01-12T10:56:41","guid":{"rendered":"https:\/\/cneo.es\/?page_id=278"},"modified":"2023-01-12T10:56:41","modified_gmt":"2023-01-12T10:56:41","slug":"politica-de-privacidad","status":"publish","type":"page","link":"https:\/\/cneo.es\/?page_id=278","title":{"rendered":"Pol\u00edtica de privacidad"},"content":{"rendered":"<section class=\"l-section wpb_row height_medium\"><div class=\"l-section-overlay\" style=\"background:#00bfb2\"><\/div><div class=\"l-section-h i-cf\"><div class=\"g-cols vc_row via_grid cols_1 laptops-cols_inherit tablets-cols_inherit mobiles-cols_1 valign_top type_default stacking_default\"><div class=\"wpb_column vc_column_container\"><div class=\"vc_column-inner\"><h2 class=\"w-text us_custom_55db6c80 has_text_color\"><span class=\"w-text-h\"><span class=\"w-text-value\">Pol\u00edtica de privacidad<\/span><\/span><\/h2><\/div><\/div><\/div><\/div><\/section><section class=\"l-section wpb_row height_medium\"><div class=\"l-section-h i-cf\"><div class=\"g-cols vc_row via_grid cols_1 laptops-cols_inherit tablets-cols_inherit mobiles-cols_1 valign_top type_default stacking_default\"><div class=\"wpb_column vc_column_container\"><div class=\"vc_column-inner\"><div class=\"wpb_text_column\"><div class=\"wpb_wrapper\"><header class=\"page-header\">\n<pre><strong>Identificaci\u00f3n del titular<\/strong>\r\n\r\nTitular: CNEO Podolog\u00eda &amp; Cirug\u00eda (en adelante, \"CNEO\")\r\nCIF: #CIF_EMPRESA#\r\nDomicilio social: c\/ Valladolid n\u00ba22 06010 Badajoz (Badajoz)\r\nInscrita en el Registro Mercantil de #REGISTRO_MERCANTIL_BADAJOZ#: Folio #REGISTRO_MERCANTIL_FOLIO#, Tomo #REGISTRO_MERCANTIL_TOMO#, Hoja #REGISTRO_MERCANTIL_HOJA#. Inscripci\u00f3n #REGISTRO_MERCANTIL_INSCRIPCION#\r\nDirecci\u00f3n de correo electr\u00f3nico: info@cneo.es\r\nTel\u00e9fono de contacto: 924 27 59 94\r\n\r\n\r\n<strong>Informaci\u00f3n y consentimiento<\/strong>\r\nMediante la aceptaci\u00f3n de la presente Pol\u00edtica de Privacidad, el usuario queda informado y presta su consentimiento libre, informado, espec\u00edfico e inequ\u00edvoco para que los datos personales que facilite a CNEO a trav\u00e9s de sus sitios web, por correo electr\u00f3nico o de forma presencial, sean tratados por CNEO con el fin de prestarles el servicio solicitado y atender sus demandas. Los datos proporcionados se conservar\u00e1n mientras no solicite el cese de la actividad.\r\n\r\n<strong>Obligatoriedad de facilitar los datos y finalidad<\/strong>\r\nLos datos solicitados por CNEO son con car\u00e1cter general, obligatorios (salvo que se especifique lo contrario) para cumplir con las finalidades establecidas. Por lo tanto, si no se facilitan los mismos o no se facilitan correctamente no podr\u00e1n atenderse las mismas.\r\n\r\nLos \u00fanicos datos personales a los que CNEO, tendr\u00e1 acceso a trav\u00e9s de sus sitios web ser\u00e1n aquellos que el usuario facilite voluntariamente, as\u00ed como aquellos otros recogidos a trav\u00e9s de las cookies instaladas\r\n\r\n<strong>Permanencia<\/strong>\r\nLos datos del usuario que facilita sus datos a trav\u00e9s de los formularios de contacto y empleo ser\u00e1n tratados durante el plazo necesario para dar respuesta a la solicitud y hasta que prescriban las acciones legales. CNEO no utilizar\u00e1 estos datos para el env\u00edo de comunicaciones comerciales.\r\n\r\n<strong>Datos tratados<\/strong>\r\nCNEO tratar\u00e1 datos de contacto para las comunicaciones. En caso de que el usuario facilite datos de terceros, manifiesta contar con el consentimiento de los mismos y se compromete a trasladarle la informaci\u00f3n contenida en la Pol\u00edtica de Privacidad, eximiendo a CNEO de cualquier responsabilidad en este sentido. No obstante, CNEO podr\u00e1 llevar a cabo las verificaciones peri\u00f3dicas para constatar este hecho, adoptando las medidas de diligencia debida que correspondan, conforme a la normativa de protecci\u00f3n de datos.\r\n\r\nEl tratamiento de los datos del usuario por parte de CNEO est\u00e1 basado en el consentimiento que se le solicita y que puede retirar en cualquier momento. No obstante, en caso de retirar su consentimiento, ello no afectar\u00e1 a la licitud de los tratamientos efectuados con anterioridad. Los consentimientos obtenidos para las finalidades mencionadas son independientes por lo que el usuario podr\u00e1 revocar solo uno de ellos no afectando a los dem\u00e1s.\r\n\r\n<strong>Destinatarios de los datos<\/strong>\r\nLos datos del usuario ser\u00e1n utilizados exclusivamente por CNEO y excepcionalmente por las Administraciones P\u00fablicas en los casos previstos por la Ley.\r\n\r\n<strong>Responsabilidad del usuario<\/strong>\r\nEl usuario garantiza que es mayor de 18 a\u00f1os y que los datos que facilita a CNEO son verdaderos, exactos, completos y actualizados. A estos efectos, el usuario responde de la veracidad de todos los datos que comunique y mantendr\u00e1 convenientemente actualizada la informaci\u00f3n facilitada, de tal forma que responda a su situaci\u00f3n real. Garantiza que ha informado a los terceros de los que facilite sus datos, en caso de hacerlo, de los aspectos contenidos en este documento. Asimismo, garantiza que ha obtenido su autorizaci\u00f3n para facilitar sus datos a CNEO para los fines se\u00f1alados. Ser\u00e1 responsable de las informaciones falsas o inexactas que proporcione a trav\u00e9s de los sitios web y de los da\u00f1os y perjuicios, directos o indirectos, que ello cause a CNEO o a terceros.\r\n\r\n<strong>Ejercicio de derechos<\/strong>\r\nEl consentimiento otorgado por el usuario podr\u00e1 ser revocado mediante notificaci\u00f3n dirigida a la siguiente direcci\u00f3n de correo electr\u00f3nico: info@cneo.es o bien por correo ordinario dirigido a CNEO Podolog\u00eda &amp; Cirug\u00eda c\/ Valladolid n\u00ba22 06010 Badajoz (Badajoz), con la Referencia \"Protecci\u00f3n de Datos\", adjuntando fotocopia de su documento de identidad, en cualquier momento y de manera gratuita, para:\r\n\r\n<strong>Revocar los consentimientos otorgados<\/strong>\r\nObtener confirmaci\u00f3n acerca de si en CNEO se est\u00e1n tratando datos personales que conciernen al usuario o no\r\nAcceder a sus datos personales\r\nRectificar los datos inexactos o incompletos\r\nSolicitar la supresi\u00f3n de sus datos cuando, entre otros motivos, los datos ya no sean necesarios para los fines que fueron recogidos\r\nObtener de CNEO la limitaci\u00f3n del tratamiento de los datos cuando se cumpla alguna de las condiciones previstas en la normativa de protecci\u00f3n de datos\r\nSolicitar la portabilidad de sus datos\r\nReclamar ante la Agencia Espa\u00f1ola de Protecci\u00f3n de Datos, a trav\u00e9s de la siguiente direcci\u00f3n c\/ Valladolid n\u00ba22 06010 Badajoz (Badajoz), cuando el interesado considere que CNEO ha vulnerado los derechos que le son reconocidos por la normativa aplicable en protecci\u00f3n de datos\r\n\r\n\r\n<strong>Medidas de seguridad<\/strong>\r\nCNEO tratar\u00e1 los datos del usuario en todo momento de forma absolutamente confidencial y guardando el preceptivo deber de secreto respecto de los mismos, de conformidad con lo previsto en la normativa de aplicaci\u00f3n, adoptando al efecto las medidas de \u00edndole t\u00e9cnica y organizativas necesarias que garanticen la seguridad de sus datos y eviten su alteraci\u00f3n, p\u00e9rdida, tratamiento o acceso no autorizado, habida cuenta del estado de la tecnolog\u00eda, la naturaleza de los datos almacenados y los riesgos a que est\u00e1n expuestos. CNEO informa a nuestros clientes que todos los servidores que utilizamos se encuentran en centros de datos de la Uni\u00f3n Europea y cumplen con todos los requisitos expuestos en el reglamento.\r\n\r\n\r\n\r\n\u00daltima actualizaci\u00f3n: 25 de Mayo de 2018\r\nCopyright \u00a9 CNEO Podolog\u00eda &amp; Cirug\u00eda c\/ Valladolid n\u00ba22 06010 Badajoz (Badajoz) Todos los derechos reservados<\/pre>\n<\/header>\n<\/div><\/div><\/div><\/div><\/div><\/div><\/section>\n","protected":false},"excerpt":{"rendered":"Pol\u00edtica de privacidad Identificaci\u00f3n del titular Titular: CNEO Podolog\u00eda &amp; Cirug\u00eda (en adelante, \"CNEO\") CIF: #CIF_EMPRESA# Domicilio social: c\/ Valladolid n\u00ba22 06010 Badajoz (Badajoz) Inscrita en el Registro Mercantil de #REGISTRO_MERCANTIL_BADAJOZ#: Folio #REGISTRO_MERCANTIL_FOLIO#, Tomo #REGISTRO_MERCANTIL_TOMO#, Hoja #REGISTRO_MERCANTIL_HOJA#. Inscripci\u00f3n #REGISTRO_MERCANTIL_INSCRIPCION# Direcci\u00f3n de correo electr\u00f3nico: info@cneo.es Tel\u00e9fono de contacto: 924 27 59 94 Informaci\u00f3n y consentimiento Mediante...","protected":false},"author":1,"featured_media":0,"parent":0,"menu_order":0,"comment_status":"closed","ping_status":"closed","template":"","meta":{"footnotes":""},"class_list":["post-278","page","type-page","status-publish","hentry"],"_links":{"self":[{"href":"https:\/\/cneo.es\/index.php?rest_route=\/wp\/v2\/pages\/278","targetHints":{"allow":["GET"]}}],"collection":[{"href":"https:\/\/cneo.es\/index.php?rest_route=\/wp\/v2\/pages"}],"about":[{"href":"https:\/\/cneo.es\/index.php?rest_route=\/wp\/v2\/types\/page"}],"author":[{"embeddable":true,"href":"https:\/\/cneo.es\/index.php?rest_route=\/wp\/v2\/users\/1"}],"replies":[{"embeddable":true,"href":"https:\/\/cneo.es\/index.php?rest_route=%2Fwp%2Fv2%2Fcomments&post=278"}],"version-history":[{"count":1,"href":"https:\/\/cneo.es\/index.php?rest_route=\/wp\/v2\/pages\/278\/revisions"}],"predecessor-version":[{"id":279,"href":"https:\/\/cneo.es\/index.php?rest_route=\/wp\/v2\/pages\/278\/revisions\/279"}],"wp:attachment":[{"href":"https:\/\/cneo.es\/index.php?rest_route=%2Fwp%2Fv2%2Fmedia&parent=278"}],"curies":[{"name":"wp","href":"https:\/\/api.w.org\/{rel}","templated":true}]}}