{"id":247,"date":"2023-01-11T16:36:30","date_gmt":"2023-01-11T16:36:30","guid":{"rendered":"https:\/\/cneo.es\/?page_id=247"},"modified":"2023-07-17T09:54:10","modified_gmt":"2023-07-17T09:54:10","slug":"contacto","status":"publish","type":"page","link":"https:\/\/cneo.es\/?page_id=247","title":{"rendered":"Contacto"},"content":{"rendered":"<section class=\"l-section wpb_row height_medium width_full\"><div class=\"l-section-overlay\" style=\"background:#00bfb2\"><\/div><div class=\"l-section-h i-cf\"><div class=\"g-cols vc_row via_grid cols_1 laptops-cols_inherit tablets-cols_inherit mobiles-cols_1 valign_top type_default stacking_default\"><div class=\"wpb_column vc_column_container\"><div class=\"vc_column-inner\"><div class=\"wpb_text_column\"><div class=\"wpb_wrapper\"><div class=\"leaflet-map WPLeafletMap\" style=\"height:50vh; width:100%;\"><\/div><script>\nwindow.WPLeafletMapPlugin = window.WPLeafletMapPlugin || [];\nwindow.WPLeafletMapPlugin.push(function WPLeafletMapShortcode() {\/*<script>*\/\nvar baseUrl = atob('aHR0cHM6Ly97c30udGlsZS5vcGVuc3RyZWV0bWFwLm9yZy97en0ve3h9L3t5fS5wbmc=');\nvar base = (!baseUrl && window.MQ) ? \n    window.MQ.mapLayer() : L.tileLayer(baseUrl, \n        L.Util.extend({}, {\n            detectRetina: 0,\n        }, \n        {\"subdomains\":\"abc\",\"noWrap\":false}        )\n    );\n    var options = L.Util.extend({}, {\n        layers: [base],\n        attributionControl: false\n    }, \n    {\"zoomControl\":true,\"scrollWheelZoom\":false,\"doubleClickZoom\":false,\"fitBounds\":false,\"minZoom\":0,\"maxZoom\":19,\"maxBounds\":null,\"attribution\":\"<a href=\\\"http:\\\/\\\/leafletjs.com\\\" title=\\\"Una biblioteca JS para mapas interactivos\\\">Leaflet<\\\/a>; \\u00a9 <a href=\\\"http:\\\/\\\/www.openstreetmap.org\\\/copyright\\\">OpenStreetMap<\\\/a> colaboradores\"}, \n    {});\nwindow.WPLeafletMapPlugin.createMap(options).setView([38.8874739,-6.9846785],14);});<\/script><script>\nwindow.WPLeafletMapPlugin = window.WPLeafletMapPlugin || [];\nwindow.WPLeafletMapPlugin.push(function WPLeafletMarkerShortcode() {\/*<script>*\/\nvar map = window.WPLeafletMapPlugin.getCurrentMap();\nvar group = window.WPLeafletMapPlugin.getCurrentGroup();\nvar marker_options = window.WPLeafletMapPlugin.getIconOptions({});\nvar marker = L.marker(\n    [0,0], \n    marker_options\n);\nvar is_image = map.is_image_map;\n    marker.setLatLng( map.getCenter() );\nif (marker_options.draggable) {\n    marker.on('dragend', function () {\n        var latlng = this.getLatLng();\n        var lat = latlng.lat;\n        var lng = latlng.lng;\n        if (is_image) {\n            console.log('leaflet-marker y=' + lat + ' x=' + lng);\n        } else {\n            console.log('leaflet-marker lat=' + lat + ' lng=' + lng);\n        }\n    });\n}\nmarker.addTo( group );\nwindow.WPLeafletMapPlugin.markers.push( marker );\n        });<\/script><script>\nwindow.WPLeafletMapPlugin = window.WPLeafletMapPlugin || [];\nwindow.WPLeafletMapPlugin.push(function WPLeafletMarkerShortcode() {\/*<script>*\/\nvar map = window.WPLeafletMapPlugin.getCurrentMap();\nvar group = window.WPLeafletMapPlugin.getCurrentGroup();\nvar marker_options = window.WPLeafletMapPlugin.getIconOptions({});\nvar marker = L.marker(\n    [38.8730506,-6.9705337], \n    marker_options\n);\nvar is_image = map.is_image_map;\nif (marker_options.draggable) {\n    marker.on('dragend', function () {\n        var latlng = this.getLatLng();\n        var lat = latlng.lat;\n        var lng = latlng.lng;\n        if (is_image) {\n            console.log('leaflet-marker y=' + lat + ' x=' + lng);\n        } else {\n            console.log('leaflet-marker lat=' + lat + ' lng=' + lng);\n        }\n    });\n}\nmarker.addTo( group );\nwindow.WPLeafletMapPlugin.markers.push( marker );\n        });<\/script><\/p>\n<\/div><\/div><\/div><\/div><\/div><\/div><\/section><section class=\"l-section wpb_row facontacto height_medium\"><div class=\"l-section-h i-cf\"><div class=\"g-cols vc_row via_grid cols_2 laptops-cols_inherit tablets-cols_inherit mobiles-cols_1 valign_top type_default stacking_default\"><div class=\"wpb_column vc_column_container\"><div class=\"vc_column-inner\"><div class=\"wpb_text_column\"><div class=\"wpb_wrapper\"><p>Puede ponerse en contacto con nosotros a trav\u00e9s de los siguientes datos, o bien utilizar el formulario web que puede ver a continuaci\u00f3n.<\/p>\n<\/div><\/div><div class=\"w-separator size_medium\"><\/div><div class=\"w-text us_custom_dec133f7 has_text_color\"><span class=\"w-text-h\"><span class=\"w-text-value\">CNEO San Fernando<\/span><\/span><\/div><div class=\"w-separator size_small\"><\/div><div class=\"w-text us_custom_4076faf9 has_text_color icon_atleft\"><span class=\"w-text-h\"><i class=\"fas fa-map-marker\"><\/i><span class=\"w-text-value\">C\/ Valladolid n\u00ba22<\/span><\/span><\/div><div class=\"w-text us_custom_4076faf9 has_text_color icon_atleft\"><span class=\"w-text-h\"><i class=\"fas fa-phone\"><\/i><span class=\"w-text-value\">924 27 59 94<\/span><\/span><\/div><div class=\"w-separator size_small\"><\/div><div class=\"w-text us_custom_dec133f7 has_text_color\"><span class=\"w-text-h\"><span class=\"w-text-value\">CNEO Pardalaras<\/span><\/span><\/div><div class=\"w-separator size_small\"><\/div><div class=\"w-text us_custom_4076faf9 has_text_color icon_atleft\"><span class=\"w-text-h\"><i class=\"fas fa-map-marker\"><\/i><span class=\"w-text-value\">C\/ del Maestro n\u00ba1<\/span><\/span><\/div><div class=\"w-text us_custom_4076faf9 has_text_color icon_atleft\"><span class=\"w-text-h\"><i class=\"fas fa-phone\"><\/i><span class=\"w-text-value\">924 19 62 82 \/ 644 93 84 49<\/span><\/span><\/div><div class=\"w-separator size_small\"><\/div><div class=\"w-html us_custom_eb849559 rss_inicio\"><ul>\n<li>\n<i class=\"fab fa-facebook-f\"><\/i>\n<\/li>\n<li>\n<i class=\"fab fa-instagram\"><\/i>\n<\/li>\n<li>\n<i class=\"fab fa-twitter\"><\/i>\n<\/li>\n<\/ul>\n\n<\/div><\/div><\/div><div class=\"wpb_column vc_column_container\"><div class=\"vc_column-inner\"><form class=\"w-form  layout_ver for_cform us_form_1\" autocomplete=\"off\" action=\"https:\/\/cneo.es\/index.php?rest_route=%2Fwp%2Fv2%2Fpages%2F247\" method=\"post\"><div class=\"w-form-h\"><div class=\"w-form-row for_text\">\r\n\t\t<div class=\"w-form-row-field\">\r\n\t\t\t\t\t\t<input aria-label=\"Nombre\" type=\"text\" name=\"us_form_1_text_1\" value placeholder=\"Nombre\"\/>\r\n\t\t\t<\/div>\r\n\t\t<div class=\"w-form-row-state\">Rellena este campo<\/div>\r\n<\/div>\r\n<div class=\"w-form-row for_email\">\r\n\t\t<div class=\"w-form-row-field\">\r\n\t\t\t\t\t\t<input aria-label=\"Correo electr\u00f3nico\" type=\"email\" name=\"us_form_1_email_1\" value placeholder=\"Correo electr\u00f3nico\"\/>\r\n\t\t\t<\/div>\r\n\t\t<div class=\"w-form-row-state\">Por favor, introduce una direcci\u00f3n de correo electr\u00f3nico v\u00e1lida.<\/div>\r\n<\/div>\r\n<div class=\"w-form-row for_text required\">\r\n\t\t<div class=\"w-form-row-field\">\r\n\t\t\t\t\t\t<input aria-label=\"Tel\u00e9fono\" type=\"text\" name=\"us_form_1_text_2\" value placeholder=\"Tel\u00e9fono *\" data-required=\"true\" aria-required=\"true\"\/>\r\n\t\t\t<\/div>\r\n\t\t<div class=\"w-form-row-state\">Rellena este campo<\/div>\r\n<\/div>\r\n<div class=\"w-form-row for_textarea\">\r\n\t\t<div class=\"w-form-row-field\">\r\n\t\t\t\t\t\t<textarea aria-label=\"Texto\" name=\"us_form_1_textarea_1\" placeholder=\"Texto\"><\/textarea>\r\n\t\t\t<\/div>\r\n\t\t<div class=\"w-form-row-state\">Rellena este campo<\/div>\r\n<\/div>\r\n<div class=\"w-form-row for_radio has_label\">\r\n\t\t\t<div class=\"w-form-row-label\">\r\n\t\t\t<span>Solicitar cita en:<\/span>\r\n\t\t<\/div>\r\n\t\t<div class=\"w-form-row-field\">\r\n\t\t\t\t\t<label>\r\n\t\t\t\t<input type=\"radio\" class=\"screen-reader-text\" name=\"us_form_1_radio_1\" value=\"CNEO San Fernando\" checked='checked'\/>\r\n\t\t\t\t<span class=\"w-form-radio\"><\/span>\r\n\t\t\t\t<span>CNEO San Fernando<\/span>\r\n\t\t\t<\/label>\r\n\t\t\t\t\t\t<label>\r\n\t\t\t\t<input type=\"radio\" class=\"screen-reader-text\" name=\"us_form_1_radio_1\" value=\"CNEO Pardaleras\"\/>\r\n\t\t\t\t<span class=\"w-form-radio\"><\/span>\r\n\t\t\t\t<span>CNEO Pardaleras<\/span>\r\n\t\t\t<\/label>\r\n\t\t\t\t<\/div>\r\n\t\t<div class=\"w-form-row-state\">Selecciona una opci\u00f3n<\/div>\r\n<\/div>\r\n<input type=\"hidden\" name=\"action\" value=\"us_ajax_cform\" \/>\r\n<input type=\"hidden\" name=\"post_id\" value=\"0\" \/>\r\n<input type=\"hidden\" name=\"form_index\" value=\"1\" \/>\r\n<div class=\"w-form-row for_submit  align_none\">\r\n\t<button class=\"w-btn  us-btn-style_2\" aria-label=\"Enviar\" type=\"submit\">\r\n\t\t<span class=\"g-preloader type_1\"><\/span>\r\n\t\t\t\t<span class=\"w-btn-label\">Enviar<\/span>\r\n\t\t\t<\/button>\r\n\t<\/div>\r\n<\/div><div class=\"w-form-message\"><\/div><div class=\"w-form-json hidden\" onclick='return {&quot;ajaxurl&quot;:&quot;https:\\\/\\\/cneo.es\\\/wp-admin\\\/admin-ajax.php&quot;,&quot;messages&quot;:{&quot;err_empty&quot;:&quot;Rellena este campo&quot;,&quot;err_size&quot;:&quot;File size cannot exceed %s MB&quot;,&quot;err_extension&quot;:&quot;%s file type is not allowed&quot;}}'><\/div><\/form><\/div><\/div><\/div><\/div><\/section>\n","protected":false},"excerpt":{"rendered":"Puede ponerse en contacto con nosotros a trav\u00e9s de los siguientes datos, o bien utilizar el formulario web que puede ver a continuaci\u00f3n. CNEO San FernandoC\/ Valladolid n\u00ba22924 27 59 94CNEO PardalarasC\/ del Maestro n\u00ba1924 19 62 82 \/ 644 93 84 49 Rellena este campo Por favor, introduce una direcci\u00f3n de correo electr\u00f3nico v\u00e1lida....","protected":false},"author":1,"featured_media":0,"parent":0,"menu_order":0,"comment_status":"closed","ping_status":"closed","template":"","meta":{"footnotes":""},"class_list":["post-247","page","type-page","status-publish","hentry"],"_links":{"self":[{"href":"https:\/\/cneo.es\/index.php?rest_route=\/wp\/v2\/pages\/247","targetHints":{"allow":["GET"]}}],"collection":[{"href":"https:\/\/cneo.es\/index.php?rest_route=\/wp\/v2\/pages"}],"about":[{"href":"https:\/\/cneo.es\/index.php?rest_route=\/wp\/v2\/types\/page"}],"author":[{"embeddable":true,"href":"https:\/\/cneo.es\/index.php?rest_route=\/wp\/v2\/users\/1"}],"replies":[{"embeddable":true,"href":"https:\/\/cneo.es\/index.php?rest_route=%2Fwp%2Fv2%2Fcomments&post=247"}],"version-history":[{"count":20,"href":"https:\/\/cneo.es\/index.php?rest_route=\/wp\/v2\/pages\/247\/revisions"}],"predecessor-version":[{"id":512,"href":"https:\/\/cneo.es\/index.php?rest_route=\/wp\/v2\/pages\/247\/revisions\/512"}],"wp:attachment":[{"href":"https:\/\/cneo.es\/index.php?rest_route=%2Fwp%2Fv2%2Fmedia&parent=247"}],"curies":[{"name":"wp","href":"https:\/\/api.w.org\/{rel}","templated":true}]}}