{"id":236,"date":"2023-01-11T16:12:47","date_gmt":"2023-01-11T16:12:47","guid":{"rendered":"https:\/\/cneo.es\/?page_id=236"},"modified":"2023-03-09T19:18:22","modified_gmt":"2023-03-09T19:18:22","slug":"cirugia-de-minima-incision","status":"publish","type":"page","link":"https:\/\/cneo.es\/?page_id=236","title":{"rendered":"Cirug\u00eda de m\u00ednima incisi\u00f3n"},"content":{"rendered":"<section class=\"l-section wpb_row height_medium with_img\"><div class=\"l-section-img\" style=\"background-image: url(https:\/\/cneo.es\/wp-content\/uploads\/2023\/01\/cirugia-minima-incision-x-LAPlantilla.webp);\" data-img-width=\"2500\" data-img-height=\"1667\"><\/div><div class=\"l-section-h i-cf\"><div class=\"g-cols vc_row via_grid cols_1 laptops-cols_inherit tablets-cols_inherit mobiles-cols_1 valign_top type_default stacking_default\"><div class=\"wpb_column vc_column_container\"><div class=\"vc_column-inner\"><div class=\"w-separator size_medium\"><\/div><div class=\"w-separator size_medium\"><\/div><h2 class=\"w-text us_custom_0988d3e3 has_text_color\"><span class=\"w-text-h\"><span class=\"w-text-value\">Cirug\u00eda de m\u00ednima incisi\u00f3n<\/span><\/span><\/h2><div class=\"w-separator size_medium\"><\/div><div class=\"w-separator size_medium\"><\/div><\/div><\/div><\/div><\/div><\/section><section class=\"l-section wpb_row height_medium\"><div class=\"l-section-h i-cf\"><div class=\"g-cols vc_row via_grid cols_1 laptops-cols_inherit tablets-cols_inherit mobiles-cols_1 valign_top type_default stacking_default\"><div class=\"wpb_column vc_column_container\"><div class=\"vc_column-inner\"><div class=\"g-cols wpb_row via_grid cols_2-1 laptops-cols_inherit tablets-cols_inherit mobiles-cols_1 valign_top type_default stacking_default\"><div class=\"wpb_column vc_column_container\"><div class=\"vc_column-inner\"><div class=\"wpb_text_column us_custom_432d3f53\"><div class=\"wpb_wrapper\"><p style=\"text-align: left;\">La cirug\u00eda de m\u00ednima incisi\u00f3n o cirug\u00eda MIS (Minimal Incision Surgery) da soluci\u00f3n a problemas del pie como el hallux abductus valgus o \u201cjuanete\u201d, dedos en martillo, helomas (callos) recurrentes, etc. Es un tipo de cirug\u00eda que se realiza mediante anestesia local y de\u00a0forma ambulatoria, es decir, tras la misma el paciente se marcha caminando por s\u00ed mismo a su domicilio.<\/p>\n<p>La intervenci\u00f3n quir\u00fargica es radioguiada (Rx), por lo que se realizan peque\u00f1as incisiones de 2 \u00f3 3 mm, introduciendo a trav\u00e9s de ellas el instrumental necesario. La principal ventaja de esto es que apenas se lesiona la piel del pie, por lo que no hay heridas posteriores que tratar, evitando as\u00ed el riesgo de infecciones postoperatorias.<\/p>\n<p>Otra diferencia con la cirug\u00eda \u201cabierta\u201d es la inexistencia de material de osteos\u00edntesis como agujas y tornillos de fijaci\u00f3n de los segmentos \u00f3seos.<\/p>\n<p>La recuperaci\u00f3n de estas cirug\u00edas es temprana, permitiendo una r\u00e1pida incorporaci\u00f3n a la vida diaria del paciente y con un postoperatorio leve.<\/p>\n<p>Previamente a la intervenci\u00f3n quir\u00fargica es necesario realizar un estudio preoperatorio del paciente para valorar su estado de salud mediante una entrevista cl\u00ednica y unas pruebas complementarias b\u00e1sicas.<\/p>\n<\/div><\/div><\/div><\/div><div class=\"wpb_column vc_column_container\"><div class=\"vc_column-inner\"><div class=\"w-image align_none\"><div class=\"w-image-h\"><img loading=\"lazy\" decoding=\"async\" width=\"1024\" height=\"1024\" src=\"https:\/\/cneo.es\/wp-content\/uploads\/2023\/02\/cneo-para-web-1024x1024.jpeg\" class=\"attachment-large size-large\" alt=\"\" srcset=\"https:\/\/cneo.es\/wp-content\/uploads\/2023\/02\/cneo-para-web-1024x1024.jpeg 1024w, https:\/\/cneo.es\/wp-content\/uploads\/2023\/02\/cneo-para-web-300x300.jpeg 300w, https:\/\/cneo.es\/wp-content\/uploads\/2023\/02\/cneo-para-web-150x150.jpeg 150w, https:\/\/cneo.es\/wp-content\/uploads\/2023\/02\/cneo-para-web-400x400.jpeg 400w, https:\/\/cneo.es\/wp-content\/uploads\/2023\/02\/cneo-para-web.jpeg 1080w\" sizes=\"auto, (max-width: 1024px) 100vw, 1024px\" \/><\/div><\/div><\/div><\/div><\/div><div class=\"w-separator size_medium\"><\/div><div class=\"w-html us_custom_eb849559 rss_inicio\"><ul>\n<li>\n<i class=\"fab fa-facebook-f\"><\/i>\n<\/li>\n<li>\n<i class=\"fab fa-instagram\"><\/i>\n<\/li>\n<li>\n<i class=\"fab fa-twitter\"><\/i>\n<\/li>\n<li>\n<i class=\"fab fa-linkedin\"><\/i>\n<\/li>\n<li>\n<i class=\"fab fa-whatsapp\"><\/i>\n<\/li>\n<li>\n<i class=\"fab fa-telegram\"><\/i>\n<\/li>\n<\/ul><\/div><\/div><\/div><\/div><\/div><\/section>\n","protected":false},"excerpt":{"rendered":"Cirug\u00eda de m\u00ednima incisi\u00f3nLa cirug\u00eda de m\u00ednima incisi\u00f3n o cirug\u00eda MIS (Minimal Incision Surgery) da soluci\u00f3n a problemas del pie como el hallux abductus valgus o \u201cjuanete\u201d, dedos en martillo, helomas (callos) recurrentes, etc. Es un tipo de cirug\u00eda que se realiza mediante anestesia local y de\u00a0forma ambulatoria, es decir, tras la misma el paciente...","protected":false},"author":1,"featured_media":0,"parent":0,"menu_order":0,"comment_status":"closed","ping_status":"closed","template":"","meta":{"footnotes":""},"class_list":["post-236","page","type-page","status-publish","hentry"],"_links":{"self":[{"href":"https:\/\/cneo.es\/index.php?rest_route=\/wp\/v2\/pages\/236","targetHints":{"allow":["GET"]}}],"collection":[{"href":"https:\/\/cneo.es\/index.php?rest_route=\/wp\/v2\/pages"}],"about":[{"href":"https:\/\/cneo.es\/index.php?rest_route=\/wp\/v2\/types\/page"}],"author":[{"embeddable":true,"href":"https:\/\/cneo.es\/index.php?rest_route=\/wp\/v2\/users\/1"}],"replies":[{"embeddable":true,"href":"https:\/\/cneo.es\/index.php?rest_route=%2Fwp%2Fv2%2Fcomments&post=236"}],"version-history":[{"count":12,"href":"https:\/\/cneo.es\/index.php?rest_route=\/wp\/v2\/pages\/236\/revisions"}],"predecessor-version":[{"id":383,"href":"https:\/\/cneo.es\/index.php?rest_route=\/wp\/v2\/pages\/236\/revisions\/383"}],"wp:attachment":[{"href":"https:\/\/cneo.es\/index.php?rest_route=%2Fwp%2Fv2%2Fmedia&parent=236"}],"curies":[{"name":"wp","href":"https:\/\/api.w.org\/{rel}","templated":true}]}}