{"id":216,"date":"2023-01-11T15:55:43","date_gmt":"2023-01-11T15:55:43","guid":{"rendered":"https:\/\/cneo.es\/?page_id=216"},"modified":"2023-03-09T19:15:29","modified_gmt":"2023-03-09T19:15:29","slug":"cneo-san-fernando","status":"publish","type":"page","link":"https:\/\/cneo.es\/?page_id=216","title":{"rendered":"CNEO San Fernando"},"content":{"rendered":"<section class=\"l-section wpb_row height_medium\"><div class=\"l-section-overlay\" style=\"background:#00bfb2\"><\/div><div class=\"l-section-h i-cf\"><div class=\"g-cols vc_row via_grid cols_1 laptops-cols_inherit tablets-cols_inherit mobiles-cols_1 valign_top type_default stacking_default\"><div class=\"wpb_column vc_column_container\"><div class=\"vc_column-inner\"><h2 class=\"w-text us_custom_55db6c80 has_text_color\"><span class=\"w-text-h\"><span class=\"w-text-value\">CNEO San Fernando<\/span><\/span><\/h2><\/div><\/div><\/div><\/div><\/section><section class=\"l-section wpb_row height_medium\"><div class=\"l-section-h i-cf\"><div class=\"g-cols vc_row via_grid cols_1 laptops-cols_inherit tablets-cols_inherit mobiles-cols_1 valign_top type_default stacking_default\"><div class=\"wpb_column vc_column_container\"><div class=\"vc_column-inner\"><div class=\"wpb_text_column\"><div class=\"wpb_wrapper\"><p>CNEO San Fernando, se encuentra en el parque de la barriada cerca del Centro de Salud, concretamente en la calle Valladolid n\u00famero 22. Situado a pie de calle, esto favorece a aquellos pacientes que se desplacen en silla de ruedas o precisen de otros aparatos para poder andar.<\/p>\n<p>En su interior se encuentra una sala de espera con luz tanto natural como artificial, donde el paciente ser\u00e1 recibido y aguardar\u00e1 su turno para ser atendido.<\/p>\n<p>El centro, adem\u00e1s, cuenta con una sala de cirug\u00eda dotada de un equipo de rayos X, donde se tratar\u00e1n las patolog\u00edas del pie que requieren tratamiento quir\u00fargico mediante cirug\u00eda de minima incisi\u00f3n.<\/p>\n<p>Habitualmente los pacientes son atendidos en una sala de tratamientos que cuentan con un equipamiento de alto nivel, incluyendo sistema de aspiraci\u00f3n.<\/p>\n<p>Contamos con una sala de esterilizaci\u00f3n donde todo nuestro instrumental sigue un estricto protocolo de limpieza y desinfecci\u00f3n para acabar realizando un ciclo de esterilizaci\u00f3n dentro de un autoclave digital de alta capacidad.<\/p>\n<p>Tambi\u00e9n existe otra sala dedicada a la ortopodolog\u00eda con tecnolog\u00eda de ultima generaci\u00f3n, con la plataforma de presiones que nos ayuda a analizar biomec\u00e1nicamente la pisada del paciente.<\/p>\n<p>Seg\u00fan la patolog\u00eda\u00a0 utilizaremos diferentes opciones de tratamiento para conseguir un diagn\u00f3stico y una recuperaci\u00f3n lo antes posible, contamos con un dermatoscopio, lampara de Wood, etc.<\/p>\n<p>La cl\u00ednica CNEO San Fernando, cuenta tambi\u00e9n con un laboratorio externo de an\u00e1lisis cl\u00ednicos.<\/p>\n<\/div><\/div><div class=\"w-separator size_medium\"><\/div><div class=\"w-slider style_none fit_scaledown\"><div class=\"w-slider-h\"><div class=\"royalSlider\"><div class=\"rsContent\"><a class=\"rsImg\" data-rsw=\"1024\" data-rsh=\"768\" data-rsBigImg=\"https:\/\/cneo.es\/wp-content\/uploads\/2023\/01\/san-fer-1.webp\" href=\"https:\/\/cneo.es\/wp-content\/uploads\/2023\/01\/san-fer-1.webp\"><span data-alt=\"\"><\/span><\/a><\/div><div class=\"rsContent\"><a class=\"rsImg\" data-rsw=\"1024\" data-rsh=\"683\" data-rsBigImg=\"https:\/\/cneo.es\/wp-content\/uploads\/2023\/03\/san-fernando-1.png\" href=\"https:\/\/cneo.es\/wp-content\/uploads\/2023\/03\/san-fernando-1-1024x683.png\"><span data-alt=\"\"><\/span><\/a><\/div><div class=\"rsContent\"><a class=\"rsImg\" data-rsw=\"1024\" data-rsh=\"683\" data-rsBigImg=\"https:\/\/cneo.es\/wp-content\/uploads\/2023\/03\/san-fernando-2.png\" href=\"https:\/\/cneo.es\/wp-content\/uploads\/2023\/03\/san-fernando-2-1024x683.png\"><span data-alt=\"\"><\/span><\/a><\/div><div class=\"rsContent\"><a class=\"rsImg\" data-rsw=\"1024\" data-rsh=\"683\" data-rsBigImg=\"https:\/\/cneo.es\/wp-content\/uploads\/2023\/03\/san-fernando-3.png\" href=\"https:\/\/cneo.es\/wp-content\/uploads\/2023\/03\/san-fernando-3-1024x683.png\"><span data-alt=\"\"><\/span><\/a><\/div><div class=\"rsContent\"><a class=\"rsImg\" data-rsw=\"1024\" data-rsh=\"683\" data-rsBigImg=\"https:\/\/cneo.es\/wp-content\/uploads\/2023\/03\/San-Fernando-4.png\" href=\"https:\/\/cneo.es\/wp-content\/uploads\/2023\/03\/San-Fernando-4-1024x683.png\"><span data-alt=\"\"><\/span><\/a><\/div><\/div><img decoding=\"async\" src=\"https:\/\/cneo.es\/wp-content\/uploads\/2023\/01\/san-fer-1.webp\" width=\"1024\" height=\"768\" alt loading=\"lazy\"><\/div><div class=\"w-slider-json\" onclick='return {&quot;loop&quot;:true,&quot;fadeInLoadedSlide&quot;:false,&quot;slidesSpacing&quot;:0,&quot;imageScalePadding&quot;:0,&quot;numImagesToPreload&quot;:2,&quot;arrowsNav&quot;:true,&quot;arrowsNavAutoHide&quot;:false,&quot;transitionType&quot;:&quot;move&quot;,&quot;transitionSpeed&quot;:250,&quot;block&quot;:{&quot;moveEffect&quot;:&quot;none&quot;,&quot;speed&quot;:300},&quot;controlNavigation&quot;:&quot;none&quot;,&quot;fullscreen&quot;:{&quot;enabled&quot;:true},&quot;imageScaleMode&quot;:&quot;fit-if-smaller&quot;,&quot;autoScaleSlider&quot;:true,&quot;autoScaleSliderWidth&quot;:1024,&quot;autoScaleSliderHeight&quot;:768,&quot;fitInViewport&quot;:false}'><\/div><\/div><\/div><\/div><\/div><\/div><\/section>\n","protected":false},"excerpt":{"rendered":"CNEO San FernandoCNEO San Fernando, se encuentra en el parque de la barriada cerca del Centro de Salud, concretamente en la calle Valladolid n\u00famero 22. Situado a pie de calle, esto favorece a aquellos pacientes que se desplacen en silla de ruedas o precisen de otros aparatos para poder andar. En su interior se encuentra...","protected":false},"author":1,"featured_media":0,"parent":0,"menu_order":0,"comment_status":"closed","ping_status":"closed","template":"","meta":{"footnotes":""},"class_list":["post-216","page","type-page","status-publish","hentry"],"_links":{"self":[{"href":"https:\/\/cneo.es\/index.php?rest_route=\/wp\/v2\/pages\/216","targetHints":{"allow":["GET"]}}],"collection":[{"href":"https:\/\/cneo.es\/index.php?rest_route=\/wp\/v2\/pages"}],"about":[{"href":"https:\/\/cneo.es\/index.php?rest_route=\/wp\/v2\/types\/page"}],"author":[{"embeddable":true,"href":"https:\/\/cneo.es\/index.php?rest_route=\/wp\/v2\/users\/1"}],"replies":[{"embeddable":true,"href":"https:\/\/cneo.es\/index.php?rest_route=%2Fwp%2Fv2%2Fcomments&post=216"}],"version-history":[{"count":13,"href":"https:\/\/cneo.es\/index.php?rest_route=\/wp\/v2\/pages\/216\/revisions"}],"predecessor-version":[{"id":381,"href":"https:\/\/cneo.es\/index.php?rest_route=\/wp\/v2\/pages\/216\/revisions\/381"}],"wp:attachment":[{"href":"https:\/\/cneo.es\/index.php?rest_route=%2Fwp%2Fv2%2Fmedia&parent=216"}],"curies":[{"name":"wp","href":"https:\/\/api.w.org\/{rel}","templated":true}]}}