{"id":203,"date":"2023-01-11T15:45:37","date_gmt":"2023-01-11T15:45:37","guid":{"rendered":"https:\/\/cneo.es\/?page_id=203"},"modified":"2023-03-16T12:22:58","modified_gmt":"2023-03-16T12:22:58","slug":"podologia-infantil","status":"publish","type":"page","link":"https:\/\/cneo.es\/?page_id=203","title":{"rendered":"Podolog\u00eda infantil"},"content":{"rendered":"<section class=\"l-section wpb_row height_medium with_img\"><div class=\"l-section-img\" style=\"background-image: url(https:\/\/cneo.es\/wp-content\/uploads\/2023\/03\/pies-nino.png);\" data-img-width=\"1080\" data-img-height=\"864\"><\/div><div class=\"l-section-h i-cf\"><div class=\"g-cols vc_row via_grid cols_1 laptops-cols_inherit tablets-cols_inherit mobiles-cols_1 valign_top type_default stacking_default\"><div class=\"wpb_column vc_column_container\"><div class=\"vc_column-inner\"><div class=\"w-separator size_medium\"><\/div><div class=\"w-separator size_medium\"><\/div><h2 class=\"w-text us_custom_922d9f8c has_text_color\"><span class=\"w-text-h\"><span class=\"w-text-value\">Podolog\u00eda infantil<\/span><\/span><\/h2><div class=\"w-separator size_medium\"><\/div><div class=\"w-separator size_medium\"><\/div><\/div><\/div><\/div><\/div><\/section><section class=\"l-section wpb_row height_medium\"><div class=\"l-section-h i-cf\"><div class=\"g-cols vc_row via_grid cols_1 laptops-cols_inherit tablets-cols_inherit mobiles-cols_1 valign_top type_default stacking_default\"><div class=\"wpb_column vc_column_container\"><div class=\"vc_column-inner\"><div class=\"wpb_text_column us_custom_432d3f53\"><div class=\"wpb_wrapper\"><section class=\"elementor-section elementor-top-section elementor-element elementor-element-ccd4529 elementor-section-boxed elementor-section-height-default elementor-section-height-default\" data-id=\"ccd4529\" data-element_type=\"section\">\n<div class=\"elementor-container elementor-column-gap-default\">\n<div class=\"elementor-column elementor-col-100 elementor-top-column elementor-element elementor-element-1c4455b\" data-id=\"1c4455b\" data-element_type=\"column\">\n<div class=\"elementor-widget-wrap elementor-element-populated\">\n<div class=\"elementor-element elementor-element-7e68db5 elementor-widget elementor-widget-theme-post-content\" data-id=\"7e68db5\" data-element_type=\"widget\" data-widget_type=\"theme-post-content.default\">\n<div class=\"elementor-widget-container\">\n<p>Existen m\u00faltiples alteraciones en la marcha de un ni\u00f1o que pueden tener su origen en los pies. En ocasiones no es necesario tratarlos ya que el posterior desarrollo del ni\u00f1o corregir\u00e1 el problema, pero en otras ocasiones ser\u00e1 necesario instaurar un tratamiento corrector de la desviaci\u00f3n cuanto antes. Es por ello que cuando detectamos alguna anomal\u00eda en la forma de caminar o correr de un ni\u00f1o debe ser valorada para determinar la necesidad o no de tratamiento.<\/p>\n<p>En las cl\u00ednicas CNEO tratamos patolog\u00edas pedi\u00e1tricas como pies planos, pies cavos, anteversi\u00f3n femoral, retroversi\u00f3n femoral, torsi\u00f3n tibial interna \u2013 externa, etc\u2026<\/p>\n<\/div>\n<\/div>\n<\/div>\n<\/div>\n<\/div>\n<\/section>\n<\/div><\/div><div class=\"w-html us_custom_eb849559 rss_inicio\"><ul>\n<li>\n<i class=\"fab fa-facebook-f\"><\/i>\n<\/li>\n<li>\n<i class=\"fab fa-instagram\"><\/i>\n<\/li>\n<li>\n<i class=\"fab fa-twitter\"><\/i>\n<\/li>\n<li>\n<i class=\"fab fa-linkedin\"><\/i>\n<\/li>\n<li>\n<i class=\"fab fa-whatsapp\"><\/i>\n<\/li>\n<li>\n<i class=\"fab fa-telegram\"><\/i>\n<\/li>\n<\/ul><\/div><\/div><\/div><\/div><\/div><\/section>\n","protected":false},"excerpt":{"rendered":"Podolog\u00eda infantil Existen m\u00faltiples alteraciones en la marcha de un ni\u00f1o que pueden tener su origen en los pies. En ocasiones no es necesario tratarlos ya que el posterior desarrollo del ni\u00f1o corregir\u00e1 el problema, pero en otras ocasiones ser\u00e1 necesario instaurar un tratamiento corrector de la desviaci\u00f3n cuanto antes. Es por ello que cuando...","protected":false},"author":1,"featured_media":0,"parent":0,"menu_order":0,"comment_status":"closed","ping_status":"closed","template":"","meta":{"footnotes":""},"class_list":["post-203","page","type-page","status-publish","hentry"],"_links":{"self":[{"href":"https:\/\/cneo.es\/index.php?rest_route=\/wp\/v2\/pages\/203","targetHints":{"allow":["GET"]}}],"collection":[{"href":"https:\/\/cneo.es\/index.php?rest_route=\/wp\/v2\/pages"}],"about":[{"href":"https:\/\/cneo.es\/index.php?rest_route=\/wp\/v2\/types\/page"}],"author":[{"embeddable":true,"href":"https:\/\/cneo.es\/index.php?rest_route=\/wp\/v2\/users\/1"}],"replies":[{"embeddable":true,"href":"https:\/\/cneo.es\/index.php?rest_route=%2Fwp%2Fv2%2Fcomments&post=203"}],"version-history":[{"count":3,"href":"https:\/\/cneo.es\/index.php?rest_route=\/wp\/v2\/pages\/203\/revisions"}],"predecessor-version":[{"id":395,"href":"https:\/\/cneo.es\/index.php?rest_route=\/wp\/v2\/pages\/203\/revisions\/395"}],"wp:attachment":[{"href":"https:\/\/cneo.es\/index.php?rest_route=%2Fwp%2Fv2%2Fmedia&parent=203"}],"curies":[{"name":"wp","href":"https:\/\/api.w.org\/{rel}","templated":true}]}}