{"id":194,"date":"2023-01-11T15:36:36","date_gmt":"2023-01-11T15:36:36","guid":{"rendered":"https:\/\/cneo.es\/?page_id=194"},"modified":"2023-03-16T12:02:04","modified_gmt":"2023-03-16T12:02:04","slug":"biomecanica","status":"publish","type":"page","link":"https:\/\/cneo.es\/?page_id=194","title":{"rendered":"Biomec\u00e1nica"},"content":{"rendered":"<section class=\"l-section wpb_row height_medium with_img\"><div class=\"l-section-img\" style=\"background-image: url(https:\/\/cneo.es\/wp-content\/uploads\/2023\/03\/Running_silhouettes_collection.png);\" data-img-width=\"7346\" data-img-height=\"1560\"><\/div><div class=\"l-section-h i-cf\"><div class=\"g-cols vc_row via_grid cols_1 laptops-cols_inherit tablets-cols_inherit mobiles-cols_1 valign_top type_default stacking_default\"><div class=\"wpb_column vc_column_container\"><div class=\"vc_column-inner\"><div class=\"w-separator size_medium\"><\/div><div class=\"w-separator size_medium\"><\/div><div class=\"w-separator size_medium\"><\/div><h2 class=\"w-text us_custom_d44d8758 has_text_color\"><span class=\"w-text-h\"><span class=\"w-text-value\">Biomec\u00e1nica<\/span><\/span><\/h2><div class=\"w-separator size_medium\"><\/div><\/div><\/div><\/div><\/div><\/section><section class=\"l-section wpb_row height_medium\"><div class=\"l-section-h i-cf\"><div class=\"g-cols vc_row via_grid cols_1 laptops-cols_inherit tablets-cols_inherit mobiles-cols_1 valign_top type_default stacking_default\"><div class=\"wpb_column vc_column_container\"><div class=\"vc_column-inner\"><div class=\"wpb_text_column us_custom_432d3f53\"><div class=\"wpb_wrapper\"><section class=\"elementor-section elementor-top-section elementor-element elementor-element-ccd4529 elementor-section-boxed elementor-section-height-default elementor-section-height-default\" data-id=\"ccd4529\" data-element_type=\"section\">\n<div class=\"elementor-container elementor-column-gap-default\">\n<div class=\"elementor-column elementor-col-100 elementor-top-column elementor-element elementor-element-1c4455b\" data-id=\"1c4455b\" data-element_type=\"column\">\n<div class=\"elementor-widget-wrap elementor-element-populated\">\n<div class=\"elementor-element elementor-element-7e68db5 elementor-widget elementor-widget-theme-post-content\" data-id=\"7e68db5\" data-element_type=\"widget\" data-widget_type=\"theme-post-content.default\">\n<div class=\"elementor-widget-container\">\n<p>La utilizaci\u00f3n de calzado inadecuado as\u00ed como nuestra propia predisposici\u00f3n gen\u00e9tica puede hacer que nuestra pisada no sea adecuada. Teniendo en cuenta que un adulto tiene una media de 6000 pasos al d\u00eda es de esperar que con el tiempo se desarrollen problemas que, si bien ocurren en otra localizaci\u00f3n anat\u00f3mica como columna, cadera, rodilla, etc&#8230;pueden tener su origen en la colocaci\u00f3n del pie al caminar.<\/p>\n<p>Un estudio biomec\u00e1nico es la mejor forma de saber si nuestra pisada es correcta o, en su defecto, si est\u00e1 bien compensada o por el contrario si la transmisi\u00f3n de cargas del pie est\u00e1 alterada y precisa correcci\u00f3n.<\/p>\n<p>En las cl\u00ednicas CNEO realizamos estudios biomec\u00e1nicos apoy\u00e1ndonos en nuestra experiencia y en la tecnolog\u00eda m\u00e1s puntera. Tratamos las alteraciones con plantillas de diversos materiales y durezas, adecu\u00e1ndolas a la edad, peso y actividad f\u00edsica de cada paciente.<\/p>\n<\/div>\n<\/div>\n<\/div>\n<\/div>\n<\/div>\n<\/section>\n<\/div><\/div><div class=\"w-html us_custom_eb849559 rss_inicio\"><ul>\n<li>\n<i class=\"fab fa-facebook-f\"><\/i>\n<\/li>\n<li>\n<i class=\"fab fa-instagram\"><\/i>\n<\/li>\n<li>\n<i class=\"fab fa-twitter\"><\/i>\n<\/li>\n<li>\n<i class=\"fab fa-linkedin\"><\/i>\n<\/li>\n<li>\n<i class=\"fab fa-whatsapp\"><\/i>\n<\/li>\n<li>\n<i class=\"fab fa-telegram\"><\/i>\n<\/li>\n<\/ul><\/div><\/div><\/div><\/div><\/div><\/section>\n","protected":false},"excerpt":{"rendered":"Biomec\u00e1nica La utilizaci\u00f3n de calzado inadecuado as\u00ed como nuestra propia predisposici\u00f3n gen\u00e9tica puede hacer que nuestra pisada no sea adecuada. Teniendo en cuenta que un adulto tiene una media de 6000 pasos al d\u00eda es de esperar que con el tiempo se desarrollen problemas que, si bien ocurren en otra localizaci\u00f3n anat\u00f3mica como columna, cadera,...","protected":false},"author":1,"featured_media":385,"parent":0,"menu_order":0,"comment_status":"closed","ping_status":"closed","template":"","meta":{"footnotes":""},"class_list":["post-194","page","type-page","status-publish","has-post-thumbnail","hentry"],"_links":{"self":[{"href":"https:\/\/cneo.es\/index.php?rest_route=\/wp\/v2\/pages\/194","targetHints":{"allow":["GET"]}}],"collection":[{"href":"https:\/\/cneo.es\/index.php?rest_route=\/wp\/v2\/pages"}],"about":[{"href":"https:\/\/cneo.es\/index.php?rest_route=\/wp\/v2\/types\/page"}],"author":[{"embeddable":true,"href":"https:\/\/cneo.es\/index.php?rest_route=\/wp\/v2\/users\/1"}],"replies":[{"embeddable":true,"href":"https:\/\/cneo.es\/index.php?rest_route=%2Fwp%2Fv2%2Fcomments&post=194"}],"version-history":[{"count":4,"href":"https:\/\/cneo.es\/index.php?rest_route=\/wp\/v2\/pages\/194\/revisions"}],"predecessor-version":[{"id":387,"href":"https:\/\/cneo.es\/index.php?rest_route=\/wp\/v2\/pages\/194\/revisions\/387"}],"wp:featuredmedia":[{"embeddable":true,"href":"https:\/\/cneo.es\/index.php?rest_route=\/wp\/v2\/media\/385"}],"wp:attachment":[{"href":"https:\/\/cneo.es\/index.php?rest_route=%2Fwp%2Fv2%2Fmedia&parent=194"}],"curies":[{"name":"wp","href":"https:\/\/api.w.org\/{rel}","templated":true}]}}