{"id":187,"date":"2023-01-11T15:31:10","date_gmt":"2023-01-11T15:31:10","guid":{"rendered":"https:\/\/cneo.es\/?page_id=187"},"modified":"2023-03-16T12:19:54","modified_gmt":"2023-03-16T12:19:54","slug":"dermatologia-del-pie","status":"publish","type":"page","link":"https:\/\/cneo.es\/?page_id=187","title":{"rendered":"Dermatolog\u00eda del pie"},"content":{"rendered":"<section class=\"l-section wpb_row height_medium with_img\"><div class=\"l-section-img\" style=\"background-image: url(https:\/\/cneo.es\/wp-content\/uploads\/2023\/03\/dermatologia-del-pie.png);\" data-img-width=\"1080\" data-img-height=\"360\"><\/div><div class=\"l-section-h i-cf\"><div class=\"g-cols vc_row via_grid cols_1 laptops-cols_inherit tablets-cols_inherit mobiles-cols_1 valign_top type_default stacking_default\"><div class=\"wpb_column vc_column_container\"><div class=\"vc_column-inner\"><div class=\"w-separator size_medium\"><\/div><div class=\"w-separator size_medium\"><\/div><div class=\"w-separator size_medium\"><\/div><h2 class=\"w-text us_custom_d44d8758 has_text_color\"><span class=\"w-text-h\"><span class=\"w-text-value\">Dermatolog\u00eda del pie<\/span><\/span><\/h2><div class=\"w-separator size_medium\"><\/div><\/div><\/div><\/div><\/div><\/section><section class=\"l-section wpb_row height_medium\"><div class=\"l-section-h i-cf\"><div class=\"g-cols vc_row via_grid cols_1 laptops-cols_inherit tablets-cols_inherit mobiles-cols_1 valign_top type_default stacking_default\"><div class=\"wpb_column vc_column_container\"><div class=\"vc_column-inner\"><div class=\"wpb_text_column us_custom_432d3f53\"><div class=\"wpb_wrapper\"><section class=\"elementor-section elementor-top-section elementor-element elementor-element-ccd4529 elementor-section-boxed elementor-section-height-default elementor-section-height-default\" data-id=\"ccd4529\" data-element_type=\"section\">\n<div class=\"elementor-container elementor-column-gap-default\">\n<div class=\"elementor-column elementor-col-100 elementor-top-column elementor-element elementor-element-1c4455b\" data-id=\"1c4455b\" data-element_type=\"column\">\n<div class=\"elementor-widget-wrap elementor-element-populated\">\n<div class=\"elementor-element elementor-element-7e68db5 elementor-widget elementor-widget-theme-post-content\" data-id=\"7e68db5\" data-element_type=\"widget\" data-widget_type=\"theme-post-content.default\">\n<div class=\"elementor-widget-container\">\n<p>La piel de nuestros pies puede verse afectada por distintas alteraciones, como\u00a0 son las infecciones por hongos (dermatomicosis), la sudoraci\u00f3n excesiva (hiperhidrosis), el mal olor (bromhidrosis), heridas cr\u00f3nicas (ulceraciones), reacciones al\u00e9rgicas, verrugas plantares (papilomas), lesiones por roce (ampollas), etc.<br \/>\nTambi\u00e9n nuestras u\u00f1as son susceptibles de verse alteradas en su color (cromoniquia, leuconiquia) y forma (onicodistrofia), al infectarse con hongos (onicomicosis), etc.<\/p>\n<p>En las cl\u00ednicas CNEO contamos con medios diagn\u00f3sticos para la detecci\u00f3n y tratamiento de este tipo de patolog\u00edas. Disponemos de un consorcio con un laboratorio externo de anatom\u00eda patol\u00f3gica para el an\u00e1lisis de muestras.<\/p>\n<\/div>\n<\/div>\n<\/div>\n<\/div>\n<\/div>\n<\/section>\n<\/div><\/div><div class=\"w-html us_custom_eb849559 rss_inicio\"><ul>\n<li>\n<i class=\"fab fa-facebook-f\"><\/i>\n<\/li>\n<li>\n<i class=\"fab fa-instagram\"><\/i>\n<\/li>\n<li>\n<i class=\"fab fa-twitter\"><\/i>\n<\/li>\n<li>\n<i class=\"fab fa-linkedin\"><\/i>\n<\/li>\n<li>\n<i class=\"fab fa-whatsapp\"><\/i>\n<\/li>\n<li>\n<i class=\"fab fa-telegram\"><\/i>\n<\/li>\n<\/ul><\/div><\/div><\/div><\/div><\/div><\/section>\n","protected":false},"excerpt":{"rendered":"Dermatolog\u00eda del pie La piel de nuestros pies puede verse afectada por distintas alteraciones, como\u00a0 son las infecciones por hongos (dermatomicosis), la sudoraci\u00f3n excesiva (hiperhidrosis), el mal olor (bromhidrosis), heridas cr\u00f3nicas (ulceraciones), reacciones al\u00e9rgicas, verrugas plantares (papilomas), lesiones por roce (ampollas), etc. Tambi\u00e9n nuestras u\u00f1as son susceptibles de verse alteradas en su color (cromoniquia, leuconiquia)...","protected":false},"author":1,"featured_media":0,"parent":0,"menu_order":0,"comment_status":"closed","ping_status":"closed","template":"","meta":{"footnotes":""},"class_list":["post-187","page","type-page","status-publish","hentry"],"_links":{"self":[{"href":"https:\/\/cneo.es\/index.php?rest_route=\/wp\/v2\/pages\/187","targetHints":{"allow":["GET"]}}],"collection":[{"href":"https:\/\/cneo.es\/index.php?rest_route=\/wp\/v2\/pages"}],"about":[{"href":"https:\/\/cneo.es\/index.php?rest_route=\/wp\/v2\/types\/page"}],"author":[{"embeddable":true,"href":"https:\/\/cneo.es\/index.php?rest_route=\/wp\/v2\/users\/1"}],"replies":[{"embeddable":true,"href":"https:\/\/cneo.es\/index.php?rest_route=%2Fwp%2Fv2%2Fcomments&post=187"}],"version-history":[{"count":4,"href":"https:\/\/cneo.es\/index.php?rest_route=\/wp\/v2\/pages\/187\/revisions"}],"predecessor-version":[{"id":393,"href":"https:\/\/cneo.es\/index.php?rest_route=\/wp\/v2\/pages\/187\/revisions\/393"}],"wp:attachment":[{"href":"https:\/\/cneo.es\/index.php?rest_route=%2Fwp%2Fv2%2Fmedia&parent=187"}],"curies":[{"name":"wp","href":"https:\/\/api.w.org\/{rel}","templated":true}]}}