{"id":167,"date":"2023-01-11T12:22:06","date_gmt":"2023-01-11T12:22:06","guid":{"rendered":"https:\/\/cneo.es\/?page_id=167"},"modified":"2023-03-17T09:53:07","modified_gmt":"2023-03-17T09:53:07","slug":"quiropodia","status":"publish","type":"page","link":"https:\/\/cneo.es\/?page_id=167","title":{"rendered":"Quiropodia"},"content":{"rendered":"<section class=\"l-section wpb_row height_medium with_img\"><div class=\"l-section-img\" style=\"background-image: url(https:\/\/cneo.es\/wp-content\/uploads\/2023\/03\/quiropodia.png);\" data-img-width=\"1080\" data-img-height=\"719\"><\/div><div class=\"l-section-h i-cf\"><div class=\"g-cols vc_row via_grid cols_1 laptops-cols_inherit tablets-cols_inherit mobiles-cols_1 valign_top type_default stacking_default\"><div class=\"wpb_column vc_column_container\"><div class=\"vc_column-inner\"><div class=\"w-separator size_medium\"><\/div><div class=\"w-separator size_medium\"><\/div><div class=\"w-separator size_medium\"><\/div><h2 class=\"w-text us_custom_d44d8758 has_text_color\"><span class=\"w-text-h\"><span class=\"w-text-value\">Quiropodia<\/span><\/span><\/h2><div class=\"w-separator size_medium\"><\/div><\/div><\/div><\/div><\/div><\/section><section class=\"l-section wpb_row height_medium\"><div class=\"l-section-h i-cf\"><div class=\"g-cols vc_row via_grid cols_1 laptops-cols_inherit tablets-cols_inherit mobiles-cols_1 valign_top type_default stacking_default\"><div class=\"wpb_column vc_column_container\"><div class=\"vc_column-inner\"><div class=\"wpb_text_column us_custom_432d3f53\"><div class=\"wpb_wrapper\"><p>El cuidado adecuado de los pies puede evitar problemas posteriores. Los pies se ven a menudo sometidos a presiones y microtraumatismos producidos por el contacto con el calzado, por nuestra forma de caminar, pr\u00e1ctica de deportes, utilizaci\u00f3n de calzado de seguridad, etc. Todo esto puede afectar tanto al estado de las u\u00f1as como al de la piel. En caso de detectar alguna alteraci\u00f3n ungueal o dermatol\u00f3gica en nuestros pies es conveniente consultar con un Pod\u00f3logo que nos asesore en el tratamiento de la misma.<\/p>\n<\/div><\/div><div class=\"w-separator size_medium\"><\/div><div class=\"wpb_text_column us_custom_9c9de642\"><div class=\"wpb_wrapper\"><h4 style=\"text-align: center;\"><span style=\"color: #00617f;\">La \u00abquiro\u00bb incluye corte y fresado de u\u00f1a, eliminaci\u00f3n de hiperqueratosis (durezas) helomas (callosidades) e hidrataci\u00f3n terap\u00e9utica.<\/span><\/h4>\n<\/div><\/div><div class=\"w-separator size_medium\"><\/div><div class=\"w-html us_custom_eb849559 rss_inicio\"><ul>\n<li>\n<i class=\"fab fa-facebook-f\"><\/i>\n<\/li>\n<li>\n<i class=\"fab fa-instagram\"><\/i>\n<\/li>\n<li>\n<i class=\"fab fa-twitter\"><\/i>\n<\/li>\n<li>\n<i class=\"fab fa-linkedin\"><\/i>\n<\/li>\n<li>\n<i class=\"fab fa-whatsapp\"><\/i>\n<\/li>\n<li>\n<i class=\"fab fa-telegram\"><\/i>\n<\/li>\n<\/ul><\/div><\/div><\/div><\/div><\/div><\/section>\n","protected":false},"excerpt":{"rendered":"QuiropodiaEl cuidado adecuado de los pies puede evitar problemas posteriores. Los pies se ven a menudo sometidos a presiones y microtraumatismos producidos por el contacto con el calzado, por nuestra forma de caminar, pr\u00e1ctica de deportes, utilizaci\u00f3n de calzado de seguridad, etc. Todo esto puede afectar tanto al estado de las u\u00f1as como al de...","protected":false},"author":1,"featured_media":0,"parent":0,"menu_order":0,"comment_status":"closed","ping_status":"closed","template":"","meta":{"footnotes":""},"class_list":["post-167","page","type-page","status-publish","hentry"],"_links":{"self":[{"href":"https:\/\/cneo.es\/index.php?rest_route=\/wp\/v2\/pages\/167","targetHints":{"allow":["GET"]}}],"collection":[{"href":"https:\/\/cneo.es\/index.php?rest_route=\/wp\/v2\/pages"}],"about":[{"href":"https:\/\/cneo.es\/index.php?rest_route=\/wp\/v2\/types\/page"}],"author":[{"embeddable":true,"href":"https:\/\/cneo.es\/index.php?rest_route=\/wp\/v2\/users\/1"}],"replies":[{"embeddable":true,"href":"https:\/\/cneo.es\/index.php?rest_route=%2Fwp%2Fv2%2Fcomments&post=167"}],"version-history":[{"count":21,"href":"https:\/\/cneo.es\/index.php?rest_route=\/wp\/v2\/pages\/167\/revisions"}],"predecessor-version":[{"id":424,"href":"https:\/\/cneo.es\/index.php?rest_route=\/wp\/v2\/pages\/167\/revisions\/424"}],"wp:attachment":[{"href":"https:\/\/cneo.es\/index.php?rest_route=%2Fwp%2Fv2%2Fmedia&parent=167"}],"curies":[{"name":"wp","href":"https:\/\/api.w.org\/{rel}","templated":true}]}}