{"id":131,"date":"2023-01-11T11:38:24","date_gmt":"2023-01-11T11:38:24","guid":{"rendered":"https:\/\/cneo.es\/?page_id=131"},"modified":"2023-03-16T13:41:35","modified_gmt":"2023-03-16T13:41:35","slug":"nosotros","status":"publish","type":"page","link":"https:\/\/cneo.es\/?page_id=131","title":{"rendered":"Nosotros"},"content":{"rendered":"<section class=\"l-section wpb_row height_medium with_img\"><div class=\"l-section-img\" style=\"background-image: url(https:\/\/cneo.es\/wp-content\/uploads\/2023\/03\/Belen-y-Carlos.png);\" data-img-width=\"1417\" data-img-height=\"992\"><\/div><div class=\"l-section-h i-cf\"><div class=\"g-cols vc_row via_grid cols_1 laptops-cols_inherit tablets-cols_inherit mobiles-cols_1 valign_top type_default stacking_default\"><div class=\"wpb_column vc_column_container\"><div class=\"vc_column-inner\"><div class=\"w-separator size_medium\"><\/div><div class=\"w-separator size_medium\"><\/div><div class=\"w-separator size_medium\"><\/div><h1 class=\"w-text us_custom_d44d8758 has_text_color\"><span class=\"w-text-h\"><span class=\"w-text-value\">Nosotros<\/span><\/span><\/h1><div class=\"w-separator size_medium\"><\/div><\/div><\/div><\/div><\/div><\/section><section class=\"l-section wpb_row height_small\"><div class=\"l-section-h i-cf\"><div class=\"g-cols vc_row via_grid cols_2 laptops-cols_inherit tablets-cols_inherit mobiles-cols_1 valign_top type_default stacking_default\"><div class=\"wpb_column vc_column_container\"><div class=\"vc_column-inner\"><div class=\"w-image align_none\"><div class=\"w-image-h\"><img loading=\"lazy\" decoding=\"async\" width=\"682\" height=\"1024\" src=\"https:\/\/cneo.es\/wp-content\/uploads\/2023\/03\/Carlos-Rubio-682x1024.png\" class=\"attachment-large size-large\" alt=\"\" srcset=\"https:\/\/cneo.es\/wp-content\/uploads\/2023\/03\/Carlos-Rubio-682x1024.png 682w, https:\/\/cneo.es\/wp-content\/uploads\/2023\/03\/Carlos-Rubio-200x300.png 200w, https:\/\/cneo.es\/wp-content\/uploads\/2023\/03\/Carlos-Rubio-267x400.png 267w, https:\/\/cneo.es\/wp-content\/uploads\/2023\/03\/Carlos-Rubio.png 1066w\" sizes=\"auto, (max-width: 682px) 100vw, 682px\" \/><\/div><\/div><\/div><\/div><div class=\"wpb_column vc_column_container\"><div class=\"vc_column-inner\"><div class=\"w-separator size_medium\"><\/div><h3 class=\"w-text us_custom_dec133f7 has_text_color\"><span class=\"w-text-h\"><span class=\"w-text-value\">Carlos Rubio Ramos<\/span><\/span><\/h3><div class=\"w-separator size_small\"><\/div><div class=\"wpb_text_column\"><div class=\"wpb_wrapper\"><div class=\"elementor-element elementor-element-f40b252 elementor-widget elementor-widget-theme-post-content\" data-id=\"f40b252\" data-element_type=\"widget\" data-widget_type=\"theme-post-content.default\">\n<div class=\"elementor-widget-container\">\n<p><strong>Director del Centro de San Fernando<\/strong><\/p>\n<p>Diplomado en Podolog\u00eda por la Universidad de Extremadura, colegiado con el n\u00famero 56 por el Colegio de Pod\u00f3logos de Extremadura, experto en pie diab\u00e9tico por la Universidad de Extremadura, Master en cirug\u00eda podol\u00f3gica de antepie por la Universidad de Vic, Universidad Central de Catalu\u00f1a.<\/p>\n<\/div>\n<\/div>\n<\/div><\/div><\/div><\/div><\/div><\/div><\/section><section class=\"l-section wpb_row height_auto\"><div class=\"l-section-h i-cf\"><div class=\"g-cols vc_row via_grid cols_2 laptops-cols_inherit tablets-cols_inherit mobiles-cols_1 valign_top type_default stacking_default\"><div class=\"wpb_column vc_column_container\"><div class=\"vc_column-inner\"><div class=\"w-image align_none\"><div class=\"w-image-h\"><img loading=\"lazy\" decoding=\"async\" width=\"682\" height=\"1024\" src=\"https:\/\/cneo.es\/wp-content\/uploads\/2023\/03\/Belen-Rubio-Sanchez-del-Corral-682x1024.png\" class=\"attachment-large size-large\" alt=\"\" srcset=\"https:\/\/cneo.es\/wp-content\/uploads\/2023\/03\/Belen-Rubio-Sanchez-del-Corral-682x1024.png 682w, https:\/\/cneo.es\/wp-content\/uploads\/2023\/03\/Belen-Rubio-Sanchez-del-Corral-200x300.png 200w, https:\/\/cneo.es\/wp-content\/uploads\/2023\/03\/Belen-Rubio-Sanchez-del-Corral-267x400.png 267w, https:\/\/cneo.es\/wp-content\/uploads\/2023\/03\/Belen-Rubio-Sanchez-del-Corral.png 1066w\" sizes=\"auto, (max-width: 682px) 100vw, 682px\" \/><\/div><\/div><\/div><\/div><div class=\"wpb_column vc_column_container\"><div class=\"vc_column-inner\"><div class=\"w-separator size_medium\"><\/div><h3 class=\"w-text us_custom_dec133f7 has_text_color\"><span class=\"w-text-h\"><span class=\"w-text-value\">Bel\u00e9n Rubio<\/span><\/span><\/h3><h3 class=\"w-text us_custom_dec133f7 has_text_color\"><span class=\"w-text-h\"><span class=\"w-text-value\">S\u00e1nchez del Corral<\/span><\/span><\/h3><div class=\"w-separator size_small\"><\/div><div class=\"wpb_text_column\"><div class=\"wpb_wrapper\"><div class=\"elementor-element elementor-element-f40b252 elementor-widget elementor-widget-theme-post-content\" data-id=\"f40b252\" data-element_type=\"widget\" data-widget_type=\"theme-post-content.default\">\n<div class=\"elementor-widget-container\">\n<p><strong>Directora del Centro de Pardaleras.<\/strong><\/p>\n<p>Graduada en Podolog\u00eda por la Universidad de Extremadura y colegiada con el n\u00famero 363 por el Colegio de Pod\u00f3logos de Extremadura.<\/p>\n<\/div>\n<\/div>\n<\/div><\/div><\/div><\/div><\/div><\/div><\/section><section class=\"l-section wpb_row height_small\"><div class=\"l-section-h i-cf\"><div class=\"g-cols vc_row via_grid cols_2 laptops-cols_inherit tablets-cols_inherit mobiles-cols_1 valign_top type_default stacking_default\"><div class=\"wpb_column vc_column_container\"><div class=\"vc_column-inner\"><div class=\"w-image align_none\"><div class=\"w-image-h\"><img loading=\"lazy\" decoding=\"async\" width=\"800\" height=\"981\" src=\"https:\/\/cneo.es\/wp-content\/uploads\/2023\/03\/Sara.jpg\" class=\"attachment-large size-large\" alt=\"\" srcset=\"https:\/\/cneo.es\/wp-content\/uploads\/2023\/03\/Sara.jpg 800w, https:\/\/cneo.es\/wp-content\/uploads\/2023\/03\/Sara-245x300.jpg 245w, https:\/\/cneo.es\/wp-content\/uploads\/2023\/03\/Sara-326x400.jpg 326w\" sizes=\"auto, (max-width: 800px) 100vw, 800px\" \/><\/div><\/div><\/div><\/div><div class=\"wpb_column vc_column_container\"><div class=\"vc_column-inner\"><div class=\"w-separator size_medium\"><\/div><h3 class=\"w-text us_custom_dec133f7 has_text_color\"><span class=\"w-text-h\"><span class=\"w-text-value\">Sara Rodr\u00edguez Romera<\/span><\/span><\/h3><div class=\"w-separator size_small\"><\/div><div class=\"wpb_text_column\"><div class=\"wpb_wrapper\"><div class=\"elementor-element elementor-element-f40b252 elementor-widget elementor-widget-theme-post-content\" data-id=\"f40b252\" data-element_type=\"widget\" data-widget_type=\"theme-post-content.default\">\n<div class=\"elementor-widget-container\">\n<div class=\"elementor-element elementor-element-f40b252 elementor-widget elementor-widget-theme-post-content\" data-id=\"f40b252\" data-element_type=\"widget\" data-widget_type=\"theme-post-content.default\">\n<div class=\"elementor-widget-container\">\n<p><strong>Administrativo.<\/strong><\/p>\n<\/div>\n<\/div>\n<\/div>\n<\/div>\n<\/div><\/div><\/div><\/div><\/div><\/div><\/section><section class=\"l-section wpb_row height_small\"><div class=\"l-section-h i-cf\"><div class=\"g-cols vc_row via_grid cols_2 laptops-cols_inherit tablets-cols_inherit mobiles-cols_1 valign_top type_default stacking_default\"><div class=\"wpb_column vc_column_container\"><div class=\"vc_column-inner\"><div class=\"w-image align_none\"><div class=\"w-image-h\"><img loading=\"lazy\" decoding=\"async\" width=\"800\" height=\"906\" src=\"https:\/\/cneo.es\/wp-content\/uploads\/2023\/03\/Vicky.jpg\" class=\"attachment-large size-large\" alt=\"\" srcset=\"https:\/\/cneo.es\/wp-content\/uploads\/2023\/03\/Vicky.jpg 800w, https:\/\/cneo.es\/wp-content\/uploads\/2023\/03\/Vicky-265x300.jpg 265w, https:\/\/cneo.es\/wp-content\/uploads\/2023\/03\/Vicky-353x400.jpg 353w\" sizes=\"auto, (max-width: 800px) 100vw, 800px\" \/><\/div><\/div><\/div><\/div><div class=\"wpb_column vc_column_container\"><div class=\"vc_column-inner\"><div class=\"w-separator size_medium\"><\/div><h3 class=\"w-text us_custom_dec133f7 has_text_color\"><span class=\"w-text-h\"><span class=\"w-text-value\">Victoria Barroso Mart\u00ednez<\/span><\/span><\/h3><div class=\"w-separator size_small\"><\/div><div class=\"wpb_text_column\"><div class=\"wpb_wrapper\"><div class=\"elementor-element elementor-element-f40b252 elementor-widget elementor-widget-theme-post-content\" data-id=\"f40b252\" data-element_type=\"widget\" data-widget_type=\"theme-post-content.default\">\n<div class=\"elementor-widget-container\">\n<div class=\"elementor-element elementor-element-f40b252 elementor-widget elementor-widget-theme-post-content\" data-id=\"f40b252\" data-element_type=\"widget\" data-widget_type=\"theme-post-content.default\">\n<div class=\"elementor-widget-container\">\n<p><strong>Enfermera.<\/strong><\/p>\n<\/div>\n<\/div>\n<\/div>\n<\/div>\n<\/div><\/div><\/div><\/div><\/div><\/div><\/section>\n","protected":false},"excerpt":{"rendered":"NosotrosCarlos Rubio Ramos Director del Centro de San Fernando Diplomado en Podolog\u00eda por la Universidad de Extremadura, colegiado con el n\u00famero 56 por el Colegio de Pod\u00f3logos de Extremadura, experto en pie diab\u00e9tico por la Universidad de Extremadura, Master en cirug\u00eda podol\u00f3gica de antepie por la Universidad de Vic, Universidad Central de Catalu\u00f1a. Bel\u00e9n RubioS\u00e1nchez...","protected":false},"author":1,"featured_media":0,"parent":0,"menu_order":0,"comment_status":"closed","ping_status":"closed","template":"","meta":{"footnotes":""},"class_list":["post-131","page","type-page","status-publish","hentry"],"_links":{"self":[{"href":"https:\/\/cneo.es\/index.php?rest_route=\/wp\/v2\/pages\/131","targetHints":{"allow":["GET"]}}],"collection":[{"href":"https:\/\/cneo.es\/index.php?rest_route=\/wp\/v2\/pages"}],"about":[{"href":"https:\/\/cneo.es\/index.php?rest_route=\/wp\/v2\/types\/page"}],"author":[{"embeddable":true,"href":"https:\/\/cneo.es\/index.php?rest_route=\/wp\/v2\/users\/1"}],"replies":[{"embeddable":true,"href":"https:\/\/cneo.es\/index.php?rest_route=%2Fwp%2Fv2%2Fcomments&post=131"}],"version-history":[{"count":47,"href":"https:\/\/cneo.es\/index.php?rest_route=\/wp\/v2\/pages\/131\/revisions"}],"predecessor-version":[{"id":421,"href":"https:\/\/cneo.es\/index.php?rest_route=\/wp\/v2\/pages\/131\/revisions\/421"}],"wp:attachment":[{"href":"https:\/\/cneo.es\/index.php?rest_route=%2Fwp%2Fv2%2Fmedia&parent=131"}],"curies":[{"name":"wp","href":"https:\/\/api.w.org\/{rel}","templated":true}]}}